{"id":88,"date":"2013-11-18T10:59:33","date_gmt":"2013-11-18T09:59:33","guid":{"rendered":"http:\/\/taekwondo-langenzenn.de\/?page_id=88"},"modified":"2026-01-24T22:35:40","modified_gmt":"2026-01-24T21:35:40","slug":"traditionelles-taekwondo-do","status":"publish","type":"page","link":"https:\/\/taekwondo-langenzenn.de\/?page_id=88","title":{"rendered":"Traditionelles Taekwondo-Do"},"content":{"rendered":"<p>Taekwon-Do stammt aus Korea.<\/p>\n<p>Der Name Taekwon-Do setzt sich aus den koreanischen begriffen \u201cTae\u201d (Fu\u00df), \u201cKwon\u201d (Faust) und \u201cDo\u201d (Weg) zusammen. \u201cTae\u201d und \u201cKwon\u201d beziehen sich also auf die wichtigsten Techniken dieser Kampfsportart. \u201cDo\u201d bezeichnet ihre mentale Dimension \u2013 in Asien gilt Kampfsport auch als Charakterschulung. Neben Fitness und K\u00f6rperbeherrschung sollen dem Sportsch\u00fcler Eigenschaften wie Respekt, Toleranz, Gedult und Selbstdisziplin vermittelt werden.<\/p>\n<p>Taekwon-Do ist eine koreanische Kampfkunst, die sich \u00fcber viele Jahrhunderte hinweg entwickelt hat. Um die Entstehung des Taekwon-Do zu beschreiben, mu\u00df man sich etwas mit der Geschichte Koreas besch\u00e4ftigen.<\/p>\n<p>In den ersten nachchristlichen Jahrhunderten war das Gebiet des heutigen Korea in drei K\u00f6nigreiche aufgeteilt: Koguryo im Norden, Baek Je im S\u00fcdwesten und Silla im S\u00fcdosten, wobei Koguryo fl\u00e4chenm\u00e4\u00dfig bei weitem das gr\u00f6\u00dfte war.<\/p>\n<p>Dies f\u00fchrte dazu, da\u00df die beiden s\u00fcdlichen L\u00e4nder Baek Je und Silla in st\u00e4ndiger Wachsamkeit gegen die Milit\u00e4rische und wirtschaftliche Bedrohung aus dem Norden lebten. Vor allem f\u00fcr Silla wirkte sich dies insofern positiv aus, als die eigene Kraft und St\u00e4rke in jeder beziehung erhalten und verbessert werden mu\u00dfte. Man erkannte hier, da\u00df eine geistige \u00dcberlegenheit die Grundlage f\u00fcr das Widerstandsverm\u00f6gen gegen den Norden war, und so entwickelte man vielerlei Systeme, die die geistige Substanz des Volkes n\u00e4hrten und verbesserten. Zu diesem Zweck wurde unter anderem im 6. Jahrhundert n. Chr. von dem K\u00f6nig Chin-Hung das Hwarang-Do gegr\u00fcndet, eine Organisation, in der die talentierte Jugend der damaligen Zeit aufgenommen und im Ideengut des Zen unterrichtet wurde. Dieses Ideengut wendete man auf verschiedene K\u00fcnste, Wissenschaften und die Selbstverteidigung an. Damit war der Grundstein schlie\u00dflich zu einer friedlichen Vereinigung der drei K\u00f6nigreiche unter der Leitung Sillas f\u00fchrte. In der folgenden Silla-Dynastie wurde Soo Bak Gi und Taek Kyon zur nationalen Kriegskunst erkl\u00e4rt, in der j\u00e4hrlich Wettk\u00e4mpfe ausgetragen wurden, um den besten K\u00e4mpfer zu ermitteln. Der Wettkampfsieger erhielt einen bedeutenden Posten in der Regierung. Auch w\u00e4hrend der Koryo-Dynastie (918 \u2013 1392 n. Chr.) erfreuten sich die kriegerischen K\u00fcnste gro\u00dfer Beliebtheit.\u00a0 Somit wurde das Taekyon fast 800 Jahre lang weitergepflegt und perfektioniert. In der folgenden Yi-Dynastie (1393 \u2013 1910 n. Chr.) wurde jedoch alles, was mit dem Milit\u00e4r zu tun hatte, abgewertet. Da aber der \u00e4u\u00dfere Anla\u00df der Auseinandersetzung mit den Nachbarstaaten im Laufe der Zeit verschwand, erlahmte die sch\u00f6pferische Kraft des Volkes, und die Entwicklung des Do stagnierte. Als im 14. Jahrhundert die Lee-Dynastie folgte, wurde das Taekyon nur noch von kleinen Gruppen am Leben erhalten.<\/p>\n<p>Im Jahr 1910 erfolgte die Besetzung Koreas durch japanische Truppen, und Taekyon wurde in seiner \u00f6ffentlichen Aus\u00fcbung verboten. damit war aber der \u00e4u\u00dfere Anla\u00df, der das Taekyon zu seiner einstigen Bl\u00fcte gef\u00fchrt hatte, wieder gegeben: die Bedrohung von au\u00dfen. Gerade das f\u00fchrte dazu, da\u00df das Taekyon von neuem ausge\u00fcbt und gepflegt wurde und auch diese schlimme Zeit ohne Schaden \u00fcberstand. nach der Niederlage der Japaner 1945 war das Interesse vorhanden, das Taekyon der \u00d6ffentlichkeit zug\u00e4nglich zu machen, und es erfolgte schnell eine allgemeine Verbreitung. In dieser Zeit entstand eine Bewegung unter der F\u00fchrung von General Choi, Hong Hi mit der Aufgang, das Taekyon neu zu ordnen und eine umfassende \u00e4u\u00dfere Organisation zu entwerfen. Im Rahmen dieser Neuordnung \u00e4nderte er auch unter Mithilfe eines Komitees, dem bedeutende Pers\u00f6nlichkeiten Koreas angeh\u00f6rten, den Namen des Taekyon in Taekwon-Do, was soviel wie \u201cder Weg des Fu\u00dfes und der Hand\u201d hei\u00dft. Zwischen 1950-1953 entwickelten die Meister S\u00fcdkoreas unter Leitung von General Choi Hong Hi ein neuen Kampfsport nach dem japanischem Modell. Taekwon-Do vereinte die bestehenden Stilrichtungen Chang Hon Yu, Chang Moo Kwan, Chung Do Kwan, Chi Do Kwan, Oh Do Kwan, Yul Kwan Sool, Kang Duk Kwan, Yun Moo Kwan und andere. 1955 f\u00fchrte dann General Choi Hong Hi im Auftrag der s\u00fcdkoreanischen regierung Taekwon-Do als Nationalsport ein. Die Disziplin wurde schnell zum koreanischen Volkssport und als Pflichtfach auch an allen Milit\u00e4rakademien und Polizeischulen des Landes gelehrt. Ein Graduierungssystem (Dan Gup Jedo) wird gegr\u00fcndet und Regeln f\u00fcr den Wettkampf erstellt und 1961 wird General Choi Hong Hi der erste Pr\u00e4sident der Korean Taekwon-Do Association (KTA). 1965 brach eine Abordnung h\u00f6chster Dantr\u00e4ger von Korea auf, um das Taekwon-Do in der ganzen Welt zu verbreiten. Seit dieser Zeit wird diese koreanische Kampfkunst auch in Europa unterrichtet. In der deutschen Delegation von Choi Hong Hi war \u00fcbrigens auch Gro\u00dfmeister Kwon, Jae-Hwa.<\/p>\n<p><center><a href=\"http:\/\/taekwondo-langenzenn.de\/wp-content\/uploads\/2013\/11\/Korea-Fahne.png\"><img loading=\"lazy\" class=\"alignnone size-medium wp-image-130\" style=\"-webkit-box-shadow: 9px 9px 15px grey, -5px 5px 7px grey; -moz-box-shadow: 5px 5px 7px grey, -5px 5px 7px grey; -ms-box-shadow: 5px 5px 7px grey, -5px 5px 7px grey; -o-box-shadow: 5px 5px 7px grey, -5px 5px 7px grey; box-shadow: 5px 5px 7px grey, -5px 5px 7px grey; border: solid black 2px;\" src=\"http:\/\/taekwondo-langenzenn.de\/wp-content\/uploads\/2013\/11\/Korea-Fahne-300x200.png\" alt=\"Korea Fahne\" width=\"300\" height=\"200\" srcset=\"https:\/\/taekwondo-langenzenn.de\/wp-content\/uploads\/2013\/11\/Korea-Fahne-300x200.png 300w, https:\/\/taekwondo-langenzenn.de\/wp-content\/uploads\/2013\/11\/Korea-Fahne-1024x682.png 1024w, https:\/\/taekwondo-langenzenn.de\/wp-content\/uploads\/2013\/11\/Korea-Fahne-624x416.png 624w\" sizes=\"(max-width: 300px) 100vw, 300px\" \/><\/a><\/center><\/p>\n<p style=\"text-align: center;\">\u00a9 Black Belt Center F\u00fcrth e.V. 2026<\/p>\n","protected":false},"excerpt":{"rendered":"<p>Taekwon-Do stammt aus Korea. Der Name Taekwon-Do setzt sich aus den koreanischen begriffen \u201cTae\u201d (Fu\u00df), \u201cKwon\u201d (Faust) und \u201cDo\u201d (Weg) zusammen. \u201cTae\u201d und \u201cKwon\u201d beziehen sich also auf die wichtigsten Techniken dieser Kampfsportart. \u201cDo\u201d bezeichnet ihre mentale Dimension \u2013 in Asien gilt Kampfsport auch als Charakterschulung. Neben Fitness und K\u00f6rperbeherrschung sollen dem Sportsch\u00fcler Eigenschaften wie [&hellip;]<\/p>\n","protected":false},"author":3,"featured_media":0,"parent":0,"menu_order":2,"comment_status":"closed","ping_status":"closed","template":"","meta":[],"_links":{"self":[{"href":"https:\/\/taekwondo-langenzenn.de\/index.php?rest_route=\/wp\/v2\/pages\/88"}],"collection":[{"href":"https:\/\/taekwondo-langenzenn.de\/index.php?rest_route=\/wp\/v2\/pages"}],"about":[{"href":"https:\/\/taekwondo-langenzenn.de\/index.php?rest_route=\/wp\/v2\/types\/page"}],"author":[{"embeddable":true,"href":"https:\/\/taekwondo-langenzenn.de\/index.php?rest_route=\/wp\/v2\/users\/3"}],"replies":[{"embeddable":true,"href":"https:\/\/taekwondo-langenzenn.de\/index.php?rest_route=%2Fwp%2Fv2%2Fcomments&post=88"}],"version-history":[{"count":19,"href":"https:\/\/taekwondo-langenzenn.de\/index.php?rest_route=\/wp\/v2\/pages\/88\/revisions"}],"predecessor-version":[{"id":1725,"href":"https:\/\/taekwondo-langenzenn.de\/index.php?rest_route=\/wp\/v2\/pages\/88\/revisions\/1725"}],"wp:attachment":[{"href":"https:\/\/taekwondo-langenzenn.de\/index.php?rest_route=%2Fwp%2Fv2%2Fmedia&parent=88"}],"curies":[{"name":"wp","href":"https:\/\/api.w.org\/{rel}","templated":true}]}}