{"id":86,"date":"2013-11-18T10:58:37","date_gmt":"2013-11-18T09:58:37","guid":{"rendered":"http:\/\/taekwondo-langenzenn.de\/?page_id=86"},"modified":"2026-01-24T22:36:36","modified_gmt":"2026-01-24T21:36:36","slug":"taeryon","status":"publish","type":"page","link":"https:\/\/taekwondo-langenzenn.de\/?page_id=86","title":{"rendered":"Taeryon"},"content":{"rendered":"<p>Taeryon (Freikampf)<\/p>\n<p>Es gibt verschiedenen Arten des Kampfes:<br \/>\nDer\u00a0<strong>Ilbo Taeryon<\/strong>\u00a0(Ein-Schritt-Kampf) ist eine Kampfform, bei der Angriff und Verteidigung wichtigen Regeln unterliegen. Der Verteidiger begegnet dem festgelegten Angriff mit unterschiedlichem Kontern. So kann er die Zweckm\u00e4\u00dfigkeit seiner Technik pr\u00fcfen und sie am Partner pr\u00e4zise \u00fcben.<br \/>\nDer\u00a0<strong>Chayo Taeryon<\/strong>\u00a0(Freikampf) stellt die n\u00e4chste Entwicklungsstufe dar, wobei das Wechselspiel der Kontrahenten flie\u00dfend und nicht vorherbestimmt ist. Der Freikampf gehorcht lediglich einer Reihe Wettkampfregeln, die die Aufgabe haben, die miteinander \u00dcbenden optimal zu sch\u00fctzen und dadurch Disziplin, Fairness und H\u00f6flichkeit im Rahmen einer kontaktlosen Auseinandersetzung zu entwickeln.<br \/>\nBeide Freikampfarten werden im traditionellen Taekwon-Do, wie alle anderen Disziplinen, ohne Kontakt ausgef\u00fchrt. So fordert das Abfangen der Schl\u00e4ge kurz vor dem Ziel von den \u00dcbenden ein H\u00f6chstma\u00df an Kontrolle und K\u00f6rperbeherrschung. Deshalb werden die Kampfformen erst mit Erlangen des Blaugurtes trainiert. Gegen\u00fcber dem Vollkontaktkampf anderer Systeme, bei dem die Vielzahl der m\u00f6glichen Bewegungen nur auf einige, wenige Punktetechniken beschr\u00e4nkt ist, wird durch den kontaktlosen Freikampf die volle Breite aller Bewegungsm\u00f6glichkeiten ausgesch\u00f6pft. Der Kampf soll Ausdauer, Kreativit\u00e4t, Wahrnehmungsf\u00e4higkeit und Timing\u00a0des Einzelnen f\u00f6rdern.<\/p>\n<p><center><a href=\"https:\/\/taekwondo-fuerth.de\/images\/taeryon.jpg\"><img loading=\"lazy\" class=\"alignnone size-medium wp-image-126\" style=\"-webkit-box-shadow: 9px 9px 15px grey, -5px 5px 7px grey; -moz-box-shadow: 5px 5px 7px grey, -5px 5px 7px grey; -ms-box-shadow: 5px 5px 7px grey, -5px 5px 7px grey; -o-box-shadow: 5px 5px 7px grey, -5px 5px 7px grey; box-shadow: 5px 5px 7px grey, -5px 5px 7px grey; border: solid black 2px;\" src=\"http:\/\/taekwondo-fuerth.de\/images\/taeryon.jpg\" alt=\"1.1\" width=\"300\" height=\"192\" \/><\/a><\/center><\/p>\n<p style=\"text-align: center;\">\u00a9 Black Belt Center F\u00fcrth e.V. 2026<\/p>\n","protected":false},"excerpt":{"rendered":"<p>Taeryon (Freikampf) Es gibt verschiedenen Arten des Kampfes: Der\u00a0Ilbo Taeryon\u00a0(Ein-Schritt-Kampf) ist eine Kampfform, bei der Angriff und Verteidigung wichtigen Regeln unterliegen. Der Verteidiger begegnet dem festgelegten Angriff mit unterschiedlichem Kontern. So kann er die Zweckm\u00e4\u00dfigkeit seiner Technik pr\u00fcfen und sie am Partner pr\u00e4zise \u00fcben. Der\u00a0Chayo Taeryon\u00a0(Freikampf) stellt die n\u00e4chste Entwicklungsstufe dar, wobei das Wechselspiel der [&hellip;]<\/p>\n","protected":false},"author":3,"featured_media":0,"parent":88,"menu_order":0,"comment_status":"closed","ping_status":"closed","template":"","meta":[],"_links":{"self":[{"href":"https:\/\/taekwondo-langenzenn.de\/index.php?rest_route=\/wp\/v2\/pages\/86"}],"collection":[{"href":"https:\/\/taekwondo-langenzenn.de\/index.php?rest_route=\/wp\/v2\/pages"}],"about":[{"href":"https:\/\/taekwondo-langenzenn.de\/index.php?rest_route=\/wp\/v2\/types\/page"}],"author":[{"embeddable":true,"href":"https:\/\/taekwondo-langenzenn.de\/index.php?rest_route=\/wp\/v2\/users\/3"}],"replies":[{"embeddable":true,"href":"https:\/\/taekwondo-langenzenn.de\/index.php?rest_route=%2Fwp%2Fv2%2Fcomments&post=86"}],"version-history":[{"count":12,"href":"https:\/\/taekwondo-langenzenn.de\/index.php?rest_route=\/wp\/v2\/pages\/86\/revisions"}],"predecessor-version":[{"id":1730,"href":"https:\/\/taekwondo-langenzenn.de\/index.php?rest_route=\/wp\/v2\/pages\/86\/revisions\/1730"}],"up":[{"embeddable":true,"href":"https:\/\/taekwondo-langenzenn.de\/index.php?rest_route=\/wp\/v2\/pages\/88"}],"wp:attachment":[{"href":"https:\/\/taekwondo-langenzenn.de\/index.php?rest_route=%2Fwp%2Fv2%2Fmedia&parent=86"}],"curies":[{"name":"wp","href":"https:\/\/api.w.org\/{rel}","templated":true}]}}