{"id":82,"date":"2013-11-18T10:58:01","date_gmt":"2013-11-18T09:58:01","guid":{"rendered":"http:\/\/taekwondo-langenzenn.de\/?page_id=82"},"modified":"2026-01-24T22:36:16","modified_gmt":"2026-01-24T21:36:16","slug":"hyong","status":"publish","type":"page","link":"https:\/\/taekwondo-langenzenn.de\/?page_id=82","title":{"rendered":"Hyong"},"content":{"rendered":"<p>Hyong (Formen)<\/p>\n<p>Das Hyongtraining ist ein grundlegendes Element im t\u00e4glichen Unterricht. Es handelt sich hier um eine festgelegte Abfolge von Abwehr- und Konteraktionen. Die einzelnen Bewegungen stellen den Kampf mit einem imagin\u00e4ren Gegner dar. So kann der \u00dcbende auch allein Techniken trainieren und perfektionieren. Das Durchlaufen einer Hyong trainiert zudem auch Atmung, Einf\u00fchlungsverm\u00f6gen, Vorstellungskraft und Konzentration.<br \/>\nIn den Taekwon-Do-Schulen vom Meister Kwon wird ein aus 20 Hyongs bestehendes System gelehrt.<br \/>\nDie Namen sind der Geschichte Koreas entliehen und deuten in ihrem Aufbau auf historische Pers\u00f6nlichkeiten und Ereignisse hin. Mit zunehmendem Entwicklungsstand des Sch\u00fclers, werden die Hyongs anspruchsvoller und komplexer. Sie sind ein Sinnbild f\u00fcr die \u00c4sthetik und Universalit\u00e4t des Taekwon-Do.<\/p>\n<h3 style=\"font-style: italic; text-align: center;\">Die Hyongnamen und die Anzahl der Bewegungen<\/h3>\n<p><center><\/p>\n<table width=\"80%\">\n<tbody>\n<tr>\n<td class=\"uber\" style=\"border-top-left-radius: 20px;\" align=\"center\">Hyongname<\/td>\n<td class=\"uber\" style=\"border-top-right-radius: 20px;\" align=\"center\">Bewegungen<\/td>\n<\/tr>\n<tr>\n<td class=\"oben\">\u00a01. Cheon-Ji<\/td>\n<td class=\"oben\">\u00a019<\/td>\n<\/tr>\n<tr>\n<td class=\"oben_\">\u00a02. Dan-Gun<\/td>\n<td class=\"oben_\">\u00a021<\/td>\n<\/tr>\n<tr>\n<td class=\"oben\">\u00a03. Do-San<\/td>\n<td class=\"oben\">\u00a024<\/td>\n<\/tr>\n<tr>\n<td class=\"oben_\">\u00a04. Won-Hyo<\/td>\n<td class=\"oben_\">\u00a028<\/td>\n<\/tr>\n<tr>\n<td class=\"oben\">\u00a05. Yul-Gok<\/td>\n<td class=\"oben\">\u00a038<\/td>\n<\/tr>\n<tr>\n<td class=\"oben_\">\u00a06. Jung-Geun<\/td>\n<td class=\"oben_\">\u00a032<\/td>\n<\/tr>\n<tr>\n<td class=\"oben\">\u00a07. Toi-Gye<\/td>\n<td class=\"oben\">\u00a037<\/td>\n<\/tr>\n<tr>\n<td class=\"oben_\">\u00a08. Hwa-Rang<\/td>\n<td class=\"oben_\">\u00a029<\/td>\n<\/tr>\n<tr>\n<td class=\"oben\">\u00a09. Chung-Mu<\/td>\n<td class=\"oben\">\u00a030<\/td>\n<\/tr>\n<tr>\n<td class=\"oben_\">\u00a010. Gwang-Gae<\/td>\n<td class=\"oben_\">\u00a039<\/td>\n<\/tr>\n<tr>\n<td class=\"oben\">\u00a011. Po-Eun<\/td>\n<td class=\"oben\">\u00a036<\/td>\n<\/tr>\n<tr>\n<td class=\"oben_\">\u00a012. Gye-Baek<\/td>\n<td class=\"oben_\">\u00a044<\/td>\n<\/tr>\n<tr>\n<td class=\"oben\">\u00a013. Yu-Sin<\/td>\n<td class=\"oben\">\u00a068<\/td>\n<\/tr>\n<tr>\n<td class=\"oben_\">\u00a014. Chung-Jang<\/td>\n<td class=\"oben_\">\u00a052<\/td>\n<\/tr>\n<tr>\n<td class=\"oben\">\u00a015. Eul-Ji<\/td>\n<td class=\"oben\">\u00a042<\/td>\n<\/tr>\n<tr>\n<td class=\"oben_\">\u00a016. Sam-Il<\/td>\n<td class=\"oben_\">\u00a033<\/td>\n<\/tr>\n<tr>\n<td class=\"oben\">\u00a017. Go-Dang<\/td>\n<td class=\"oben\">\u00a039<\/td>\n<\/tr>\n<tr>\n<td class=\"oben_\">\u00a018. Choe-Yeong<\/td>\n<td class=\"oben_\">\u00a045<\/td>\n<\/tr>\n<tr>\n<td class=\"oben\">\u00a019. Se-Jong<\/td>\n<td class=\"oben\">\u00a024<\/td>\n<\/tr>\n<tr>\n<td class=\"oben_\" style=\"border-bottom-left-radius: 20px;\">\u00a020. Tong-Il<\/td>\n<td class=\"oben_\" style=\"border-bottom-right-radius: 20px;\">\u00a056<\/td>\n<\/tr>\n<\/tbody>\n<\/table>\n<p><\/center><\/p>\n<p><center><a href=\"http:\/\/taekwondo-langenzenn.de\/wp-content\/uploads\/2013\/11\/2.2.jpg\"><img loading=\"lazy\" class=\"alignnone size-medium wp-image-122\" style=\"-webkit-box-shadow: 9px 9px 15px grey, -5px 5px 7px grey; -moz-box-shadow: 5px 5px 7px grey, -5px 5px 7px grey; -ms-box-shadow: 5px 5px 7px grey, -5px 5px 7px grey; -o-box-shadow: 5px 5px 7px grey, -5px 5px 7px grey; box-shadow: 5px 5px 7px grey, -5px 5px 7px grey; border: solid black 2px;\" src=\"http:\/\/taekwondo-langenzenn.de\/wp-content\/uploads\/2013\/11\/2.2-300x180.jpg\" alt=\"2.2\" width=\"300\" height=\"180\" srcset=\"https:\/\/taekwondo-langenzenn.de\/wp-content\/uploads\/2013\/11\/2.2-300x180.jpg 300w, https:\/\/taekwondo-langenzenn.de\/wp-content\/uploads\/2013\/11\/2.2-624x374.jpg 624w, https:\/\/taekwondo-langenzenn.de\/wp-content\/uploads\/2013\/11\/2.2.jpg 750w\" sizes=\"(max-width: 300px) 100vw, 300px\" \/><\/a><\/center><\/p>\n<p style=\"text-align: center;\">\u00a9 Black Belt Center F\u00fcrth e.V. 2026<\/p>\n","protected":false},"excerpt":{"rendered":"<p>Hyong (Formen) Das Hyongtraining ist ein grundlegendes Element im t\u00e4glichen Unterricht. Es handelt sich hier um eine festgelegte Abfolge von Abwehr- und Konteraktionen. Die einzelnen Bewegungen stellen den Kampf mit einem imagin\u00e4ren Gegner dar. So kann der \u00dcbende auch allein Techniken trainieren und perfektionieren. Das Durchlaufen einer Hyong trainiert zudem auch Atmung, Einf\u00fchlungsverm\u00f6gen, Vorstellungskraft und [&hellip;]<\/p>\n","protected":false},"author":3,"featured_media":0,"parent":88,"menu_order":0,"comment_status":"closed","ping_status":"closed","template":"","meta":[],"_links":{"self":[{"href":"https:\/\/taekwondo-langenzenn.de\/index.php?rest_route=\/wp\/v2\/pages\/82"}],"collection":[{"href":"https:\/\/taekwondo-langenzenn.de\/index.php?rest_route=\/wp\/v2\/pages"}],"about":[{"href":"https:\/\/taekwondo-langenzenn.de\/index.php?rest_route=\/wp\/v2\/types\/page"}],"author":[{"embeddable":true,"href":"https:\/\/taekwondo-langenzenn.de\/index.php?rest_route=\/wp\/v2\/users\/3"}],"replies":[{"embeddable":true,"href":"https:\/\/taekwondo-langenzenn.de\/index.php?rest_route=%2Fwp%2Fv2%2Fcomments&post=82"}],"version-history":[{"count":11,"href":"https:\/\/taekwondo-langenzenn.de\/index.php?rest_route=\/wp\/v2\/pages\/82\/revisions"}],"predecessor-version":[{"id":1728,"href":"https:\/\/taekwondo-langenzenn.de\/index.php?rest_route=\/wp\/v2\/pages\/82\/revisions\/1728"}],"up":[{"embeddable":true,"href":"https:\/\/taekwondo-langenzenn.de\/index.php?rest_route=\/wp\/v2\/pages\/88"}],"wp:attachment":[{"href":"https:\/\/taekwondo-langenzenn.de\/index.php?rest_route=%2Fwp%2Fv2%2Fmedia&parent=82"}],"curies":[{"name":"wp","href":"https:\/\/api.w.org\/{rel}","templated":true}]}}