{"id":80,"date":"2013-11-18T10:57:38","date_gmt":"2013-11-18T09:57:38","guid":{"rendered":"http:\/\/taekwondo-langenzenn.de\/?page_id=80"},"modified":"2026-01-24T22:36:04","modified_gmt":"2026-01-24T21:36:04","slug":"familie-kinder-erwachsene","status":"publish","type":"page","link":"https:\/\/taekwondo-langenzenn.de\/?page_id=80","title":{"rendered":"Familie, Kinder &#038; Erwachsene"},"content":{"rendered":"<p>Familie<\/p>\n<p>Im traditionellen Taekwondo hat jedes Familienmitglied die M\u00f6glichkeit, sich selbst zu verwirklichen, da es mit der Familie zusammen und gleichzeitig als Individuum trainiert. Neben k\u00f6rperlicher Fitness und K\u00f6rperbeherrschung werden die geistigen Momente wie Verantwortungsbewusstsein und der Gemeinschaftssinn (Teamgeist) gef\u00f6rdert. Durch die Teilnahme an gemeinsamen Trainingseinheiten, Lehrg\u00e4ngen und Ausfl\u00fcgen entwickelt sich in der Familie ein Zusammengeh\u00f6rigkeitsgef\u00fchl, das \u00fcber den Sport weit in das Privatleben hineinreicht.<\/p>\n<p><center><a href=\"http:\/\/taekwondo-langenzenn.de\/wp-content\/uploads\/2013\/11\/31.jpg\"><img loading=\"lazy\" class=\"alignnone size-medium wp-image-118\" style=\"-webkit-box-shadow: 9px 9px 15px grey, -5px 5px 7px grey; -moz-box-shadow: 5px 5px 7px grey, -5px 5px 7px grey; -ms-box-shadow: 5px 5px 7px grey, -5px 5px 7px grey; -o-box-shadow: 5px 5px 7px grey, -5px 5px 7px grey; box-shadow: 5px 5px 7px grey, -5px 5px 7px grey; border: solid black 2px;\" src=\"http:\/\/taekwondo-langenzenn.de\/wp-content\/uploads\/2013\/11\/31-300x153.jpg\" alt=\"3\" width=\"300\" height=\"153\" srcset=\"https:\/\/taekwondo-langenzenn.de\/wp-content\/uploads\/2013\/11\/31-300x153.jpg 300w, https:\/\/taekwondo-langenzenn.de\/wp-content\/uploads\/2013\/11\/31-624x318.jpg 624w, https:\/\/taekwondo-langenzenn.de\/wp-content\/uploads\/2013\/11\/31.jpg 980w\" sizes=\"(max-width: 300px) 100vw, 300px\" \/><\/a><\/center><\/p>\n<p>Kinder<\/p>\n<p>F\u00fcr Kinder ist Bewegung sehr wichtig und traditionelles Taekwondo bietet Bewegung in seiner ganzen Bandbreite. Alle\u00a0 sportmedizinischen\u00a0 Hauptbelastungsformen\u00a0 werden\u00a0 gleicherma\u00dfen\u00a0 trainiert: Ausdauer, Kraft, Schnelligkeit, Beweglichkeit, Gewandtheit, Koordination. Bei einem \u201cHochkick\u201d gibt es wohl wenige Muskeln des K\u00f6rpers, die nicht beansprucht werden, ebenso wird das Gleichgewichtsgef\u00fchl gest\u00e4rkt. Taekwondo ist aber nicht nur k\u00f6rperliche Bewegung, sondern auch geistige. Psychische Komponenten wie Konzentration, Selbstvertrauen, Mut, Ausdauer, Willenskraft und Disziplin werden gleicherma\u00dfen mittrainiert. Durch die im Training ge\u00fcbten Bewegungskombinationen lernen die Kinder aufmerksam zuzuh\u00f6ren und trainieren das Kurzzeitged\u00e4chtnis. Den Sch\u00fclern werden wichtige Fairness, Verhaltens- und H\u00f6flichkeitsregeln, sowie Respekt und Selbstvertrauen n\u00e4hergebracht. \u2013 In den Trainingsstunden sind die Kinder nicht Gegner, sondern Partner. Die \u00dcbungen werden ohne Kontakt ausgef\u00fchrt, wodurch die K\u00f6rperbeherrschung verbessert wird. Da im traditionellen Taekwondo der Respekt vor dem Trainingspartner an erster Stelle steht, erlernen die Kinder hier auch Disziplin und Respekt gegen\u00fcber dem Partner und h\u00f6heren Farbgurten.<\/p>\n<p><center><a href=\"http:\/\/taekwondo-langenzenn.de\/wp-content\/uploads\/2013\/11\/1.jpg\"><img loading=\"lazy\" class=\"alignnone size-medium wp-image-133\" style=\"-webkit-box-shadow: 9px 9px 15px grey, -5px 5px 7px grey; -moz-box-shadow: 5px 5px 7px grey, -5px 5px 7px grey; -ms-box-shadow: 5px 5px 7px grey, -5px 5px 7px grey; -o-box-shadow: 5px 5px 7px grey, -5px 5px 7px grey; box-shadow: 5px 5px 7px grey, -5px 5px 7px grey; border: solid black 2px;\" src=\"http:\/\/taekwondo-langenzenn.de\/wp-content\/uploads\/2013\/11\/1-300x153.jpg\" alt=\"1\" width=\"300\" height=\"153\" srcset=\"https:\/\/taekwondo-langenzenn.de\/wp-content\/uploads\/2013\/11\/1-300x153.jpg 300w, https:\/\/taekwondo-langenzenn.de\/wp-content\/uploads\/2013\/11\/1-624x318.jpg 624w, https:\/\/taekwondo-langenzenn.de\/wp-content\/uploads\/2013\/11\/1.jpg 980w\" sizes=\"(max-width: 300px) 100vw, 300px\" \/><\/a><\/center><\/p>\n<p>Jugendliche und Erwachsene<\/p>\n<p>Auch f\u00fcr Jugendliche und Erwachsene ist Taekwondo der ideale Sport um einen Ausgleich vom Alltag zu bekommen und Stress abzubauen. Die intensiven Dehn- und Kraft\u00fcbungen schulen dabei den gesamten K\u00f6rper und tragen zur Erhaltung der Gesundheit bei. Die zahlreichen \u00dcbungen der Kampfkunst mit und ohne Partner f\u00f6rdern die Konzentration, das Selbstvertrauen, das Durchhalteverm\u00f6gen und die Selbstdisziplin. Als Form der Bewegungsmeditation stellt Taekwondo einen Weg zur Selbstfindung und Meisterung der eigenen Pers\u00f6nlichkeit dar. Dar\u00fcber hinaus bietet es eine \u00fcberaus wirkungsvolle Methode der Selbstverteidigung.<\/p>\n<p><center><a href=\"http:\/\/taekwondo-langenzenn.de\/wp-content\/uploads\/2013\/11\/2.jpg\"><img loading=\"lazy\" class=\"alignnone size-medium wp-image-120\" style=\"-webkit-box-shadow: 9px 9px 15px grey, -5px 5px 7px grey; -moz-box-shadow: 5px 5px 7px grey, -5px 5px 7px grey; -ms-box-shadow: 5px 5px 7px grey, -5px 5px 7px grey; -o-box-shadow: 5px 5px 7px grey, -5px 5px 7px grey; box-shadow: 5px 5px 7px grey, -5px 5px 7px grey; border: solid black 2px;\" src=\"http:\/\/taekwondo-langenzenn.de\/wp-content\/uploads\/2013\/11\/2-300x153.jpg\" alt=\"2\" width=\"300\" height=\"153\" srcset=\"https:\/\/taekwondo-langenzenn.de\/wp-content\/uploads\/2013\/11\/2-300x153.jpg 300w, https:\/\/taekwondo-langenzenn.de\/wp-content\/uploads\/2013\/11\/2-624x318.jpg 624w, https:\/\/taekwondo-langenzenn.de\/wp-content\/uploads\/2013\/11\/2.jpg 980w\" sizes=\"(max-width: 300px) 100vw, 300px\" \/><\/a><\/center><\/p>\n<p style=\"text-align: center;\">\u00a9 Black Belt Center F\u00fcrth e.V. 2026<\/p>\n","protected":false},"excerpt":{"rendered":"<p>Familie Im traditionellen Taekwondo hat jedes Familienmitglied die M\u00f6glichkeit, sich selbst zu verwirklichen, da es mit der Familie zusammen und gleichzeitig als Individuum trainiert. Neben k\u00f6rperlicher Fitness und K\u00f6rperbeherrschung werden die geistigen Momente wie Verantwortungsbewusstsein und der Gemeinschaftssinn (Teamgeist) gef\u00f6rdert. Durch die Teilnahme an gemeinsamen Trainingseinheiten, Lehrg\u00e4ngen und Ausfl\u00fcgen entwickelt sich in der Familie ein [&hellip;]<\/p>\n","protected":false},"author":3,"featured_media":0,"parent":88,"menu_order":0,"comment_status":"closed","ping_status":"closed","template":"","meta":[],"_links":{"self":[{"href":"https:\/\/taekwondo-langenzenn.de\/index.php?rest_route=\/wp\/v2\/pages\/80"}],"collection":[{"href":"https:\/\/taekwondo-langenzenn.de\/index.php?rest_route=\/wp\/v2\/pages"}],"about":[{"href":"https:\/\/taekwondo-langenzenn.de\/index.php?rest_route=\/wp\/v2\/types\/page"}],"author":[{"embeddable":true,"href":"https:\/\/taekwondo-langenzenn.de\/index.php?rest_route=\/wp\/v2\/users\/3"}],"replies":[{"embeddable":true,"href":"https:\/\/taekwondo-langenzenn.de\/index.php?rest_route=%2Fwp%2Fv2%2Fcomments&post=80"}],"version-history":[{"count":10,"href":"https:\/\/taekwondo-langenzenn.de\/index.php?rest_route=\/wp\/v2\/pages\/80\/revisions"}],"predecessor-version":[{"id":1727,"href":"https:\/\/taekwondo-langenzenn.de\/index.php?rest_route=\/wp\/v2\/pages\/80\/revisions\/1727"}],"up":[{"embeddable":true,"href":"https:\/\/taekwondo-langenzenn.de\/index.php?rest_route=\/wp\/v2\/pages\/88"}],"wp:attachment":[{"href":"https:\/\/taekwondo-langenzenn.de\/index.php?rest_route=%2Fwp%2Fv2%2Fmedia&parent=80"}],"curies":[{"name":"wp","href":"https:\/\/api.w.org\/{rel}","templated":true}]}}