{"id":66,"date":"2013-11-18T10:55:10","date_gmt":"2013-11-18T09:55:10","guid":{"rendered":"http:\/\/taekwondo-langenzenn.de\/?page_id=66"},"modified":"2026-01-24T22:35:23","modified_gmt":"2026-01-24T21:35:23","slug":"sueleyman-peker","status":"publish","type":"page","link":"https:\/\/taekwondo-langenzenn.de\/?page_id=66","title":{"rendered":"S\u00fcleyman Peker"},"content":{"rendered":"<p>Schulleiter S\u00fcleyman Peker 6.Dan<\/p>\n<ul>\n<li>1984 Beginn mit Traditional Kwon, Jae-Hwa Taekwon-Do in F\u00fcrth<\/li>\n<li>1989 Pr\u00fcfung zum 1.Dan bei Gro\u00dfmeister Kwon in M\u00fcnchen<\/li>\n<li>1992 Pr\u00fcfung zum 2.Dan bei Gro\u00dfmeister Kwon in Erlangen<\/li>\n<li>1999 Lehrgang bei Gro\u00dfmeister Kwon in New York<\/li>\n<li>2000 Er\u00f6ffnung des Taekwon-Do BBC F\u00fcrths<\/li>\n<li>2000 Pr\u00fcfung zum 3.Dan bei Gro\u00dfmeister Kwon<\/li>\n<li>2002 Lehrgang in New York unter Gro\u00dfmeister Kwon mit F\u00fcrther Sch\u00fclern<\/li>\n<li>2003 Ausrichtung 1. Benefiz Veranstaltung in F\u00fcrth<\/li>\n<li>2005 5 Jahre Taekwon-Do BBC F\u00fcrth<\/li>\n<li>2006 Pr\u00fcfung zum 4.Dan bei Gro\u00dfmeister Kwon<\/li>\n<li>2007 Auszeichnung durch den B\u00fcrgermeister der Stadt F\u00fcrth bei der Sportlerehrung<\/li>\n<li>2009 TKD Er\u00f6ffnung in Langenzenn<\/li>\n<li>2009 Lehrgang in New York Bronx bei Gro\u00dfmeister Kwon<\/li>\n<li>2010 Pr\u00fcfung zum 5.Dan bei Gro\u00dfmeister Kwon in F\u00fcrth<\/li>\n<li>Anerkennung durch die Stadt F\u00fcrth f\u00fcr 10 Jahre Taekwon-Do Aufbauarbeit<\/li>\n<li>Einf\u00fchrung Traditional Taekwon-Do in \u00f6ffentlichen Hauptschulen, Gymnasien und Berufschulen<\/li>\n<li>Auftritt beim Koreanischen Mondfest in F\u00fcrth und Annerkennung durch den Generalkonsul der Republik Korea<\/li>\n<li>Ausrichtung des Weihnachtshyongturniers 2010<\/li>\n<li>2011 Korea besuch mit Gro\u00dfmeister Kwon<\/li>\n<li>Ernennung zum Ehrenmitglied des Busan Taekwon-Do Association durch deren Pr\u00e4sidenten Park, Jae-Hee<\/li>\n<li>Ernennung zum Ehrenmitglied des Yonmu-Kwan Verbandes durch Meister Choi, Jong-Rak Pr\u00e4sident von Yonmu-Kwan<\/li>\n<li>2013 Lehrgang in Portland (USA) unter Gro\u00dfmeister Kwon mit F\u00fcrther Sch\u00fclern<\/li>\n<li>2013 Er\u00f6ffnung Taekwon-Do Zirndorf<\/li>\n<li>2014 Seminar und Pr\u00fcfung zum 6.Dan bei Grossmeister Kwon in Oregon USA<\/li>\n<li>2014\u00a0gro\u00dfer Sommerlehrgang 5 Jahre Langenzenn<\/li>\n<li>2015 15 Jahre BBC F\u00fcrth<\/li>\n<li>2015 50 Jahre Kwon, Jae-Hwa Taekwon-Do<\/li>\n<li>2016 Camp Frankreich<\/li>\n<li>2017 Camp Italien<\/li>\n<\/ul>\n<p><center><a href=\"http:\/\/taekwondo-langenzenn.de\/wp-content\/uploads\/2013\/11\/speker15.jpg\"><img loading=\"lazy\" class=\"alignnone size-medium wp-image-110\" style=\"-webkit-box-shadow: 9px 9px 7px grey, -5px 5px 7px grey; -moz-box-shadow: 5px 5px 7px grey, -5px 5px 7px grey; -ms-box-shadow: 5px 5px 7px grey, -5px 5px 7px grey; -o-box-shadow: 5px 5px 7px grey, -5px 5px 7px grey; box-shadow: 5px 5px 7px grey, -5px 5px 7px grey; border: solid black 2px;\" src=\"http:\/\/taekwondo-langenzenn.de\/wp-content\/uploads\/2013\/11\/speker15-300x192.jpg\" alt=\"\" width=\"300\" height=\"192\" srcset=\"https:\/\/taekwondo-langenzenn.de\/wp-content\/uploads\/2013\/11\/speker15-300x192.jpg 300w, https:\/\/taekwondo-langenzenn.de\/wp-content\/uploads\/2013\/11\/speker15-1024x658.jpg 1024w, https:\/\/taekwondo-langenzenn.de\/wp-content\/uploads\/2013\/11\/speker15-624x401.jpg 624w, https:\/\/taekwondo-langenzenn.de\/wp-content\/uploads\/2013\/11\/speker15.jpg 1800w\" sizes=\"(max-width: 300px) 100vw, 300px\" \/><\/a><\/center><\/p>\n<p style=\"text-align: center;\">\u00a9 Black Belt Center F\u00fcrth e.V. 2026<\/p>\n","protected":false},"excerpt":{"rendered":"<p>Schulleiter S\u00fcleyman Peker 6.Dan 1984 Beginn mit Traditional Kwon, Jae-Hwa Taekwon-Do in F\u00fcrth 1989 Pr\u00fcfung zum 1.Dan bei Gro\u00dfmeister Kwon in M\u00fcnchen 1992 Pr\u00fcfung zum 2.Dan bei Gro\u00dfmeister Kwon in Erlangen 1999 Lehrgang bei Gro\u00dfmeister Kwon in New York 2000 Er\u00f6ffnung des Taekwon-Do BBC F\u00fcrths 2000 Pr\u00fcfung zum 3.Dan bei Gro\u00dfmeister Kwon 2002 Lehrgang in [&hellip;]<\/p>\n","protected":false},"author":3,"featured_media":0,"parent":64,"menu_order":0,"comment_status":"closed","ping_status":"closed","template":"","meta":[],"_links":{"self":[{"href":"https:\/\/taekwondo-langenzenn.de\/index.php?rest_route=\/wp\/v2\/pages\/66"}],"collection":[{"href":"https:\/\/taekwondo-langenzenn.de\/index.php?rest_route=\/wp\/v2\/pages"}],"about":[{"href":"https:\/\/taekwondo-langenzenn.de\/index.php?rest_route=\/wp\/v2\/types\/page"}],"author":[{"embeddable":true,"href":"https:\/\/taekwondo-langenzenn.de\/index.php?rest_route=\/wp\/v2\/users\/3"}],"replies":[{"embeddable":true,"href":"https:\/\/taekwondo-langenzenn.de\/index.php?rest_route=%2Fwp%2Fv2%2Fcomments&post=66"}],"version-history":[{"count":21,"href":"https:\/\/taekwondo-langenzenn.de\/index.php?rest_route=\/wp\/v2\/pages\/66\/revisions"}],"predecessor-version":[{"id":1724,"href":"https:\/\/taekwondo-langenzenn.de\/index.php?rest_route=\/wp\/v2\/pages\/66\/revisions\/1724"}],"up":[{"embeddable":true,"href":"https:\/\/taekwondo-langenzenn.de\/index.php?rest_route=\/wp\/v2\/pages\/64"}],"wp:attachment":[{"href":"https:\/\/taekwondo-langenzenn.de\/index.php?rest_route=%2Fwp%2Fv2%2Fmedia&parent=66"}],"curies":[{"name":"wp","href":"https:\/\/api.w.org\/{rel}","templated":true}]}}